{"id":8,"date":"2018-07-10T10:22:38","date_gmt":"2018-07-10T10:22:38","guid":{"rendered":"https:\/\/www.academiadevoluntari.ro\/?page_id=8"},"modified":"2025-10-28T08:49:49","modified_gmt":"2025-10-28T08:49:49","slug":"prima-pagina","status":"publish","type":"page","link":"https:\/\/www.academiadevoluntari.ro\/","title":{"rendered":"Acas\u0103"},"content":{"rendered":"\t\t<div data-elementor-type=\"wp-page\" data-elementor-id=\"8\" class=\"elementor elementor-8\">\n\t\t\t\t\t\t<section class=\"elementor-section elementor-top-section elementor-element elementor-element-c78e106 elementor-section-boxed elementor-section-height-default elementor-section-height-default\" data-id=\"c78e106\" data-element_type=\"section\">\n\t\t\t\t\t\t<div class=\"elementor-container elementor-column-gap-default\">\n\t\t\t\t\t<div class=\"elementor-column elementor-col-100 elementor-top-column elementor-element elementor-element-03c2b1d\" data-id=\"03c2b1d\" data-element_type=\"column\">\n\t\t\t<div class=\"elementor-widget-wrap elementor-element-populated\">\n\t\t\t\t\t\t<div class=\"elementor-element elementor-element-02ffccf elementor-widget elementor-widget-image\" data-id=\"02ffccf\" data-element_type=\"widget\" data-widget_type=\"image.default\">\n\t\t\t\t<div class=\"elementor-widget-container\">\n\t\t\t\t\t\t\t\t\t\t\t\t\t\t\t<img fetchpriority=\"high\" decoding=\"async\" width=\"1024\" height=\"168\" src=\"https:\/\/www.academiadevoluntari.ro\/wp-content\/uploads\/2022\/03\/Picture1-1024x168.png\" class=\"attachment-large size-large wp-image-450\" alt=\"\" srcset=\"https:\/\/www.academiadevoluntari.ro\/wp-content\/uploads\/2022\/03\/Picture1-1024x168.png 1024w, https:\/\/www.academiadevoluntari.ro\/wp-content\/uploads\/2022\/03\/Picture1-300x49.png 300w, https:\/\/www.academiadevoluntari.ro\/wp-content\/uploads\/2022\/03\/Picture1-768x126.png 768w, https:\/\/www.academiadevoluntari.ro\/wp-content\/uploads\/2022\/03\/Picture1-370x61.png 370w, https:\/\/www.academiadevoluntari.ro\/wp-content\/uploads\/2022\/03\/Picture1-1040x171.png 1040w, https:\/\/www.academiadevoluntari.ro\/wp-content\/uploads\/2022\/03\/Picture1.png 1535w\" sizes=\"(max-width: 1024px) 100vw, 1024px\" \/>\t\t\t\t\t\t\t\t\t\t\t\t\t\t\t<\/div>\n\t\t\t\t<\/div>\n\t\t\t\t\t<\/div>\n\t\t<\/div>\n\t\t\t\t\t<\/div>\n\t\t<\/section>\n\t\t\t\t<section class=\"elementor-section elementor-top-section elementor-element elementor-element-581f6cf elementor-section-boxed elementor-section-height-default elementor-section-height-default\" data-id=\"581f6cf\" data-element_type=\"section\">\n\t\t\t\t\t\t<div class=\"elementor-container elementor-column-gap-default\">\n\t\t\t\t\t<div class=\"elementor-column elementor-col-100 elementor-top-column elementor-element elementor-element-7294b2f5\" data-id=\"7294b2f5\" data-element_type=\"column\">\n\t\t\t<div class=\"elementor-widget-wrap elementor-element-populated\">\n\t\t\t\t\t\t<div class=\"elementor-element elementor-element-336a14bb elementor-widget elementor-widget-text-editor\" data-id=\"336a14bb\" data-element_type=\"widget\" data-widget_type=\"text-editor.default\">\n\t\t\t\t<div class=\"elementor-widget-container\">\n\t\t\t\t\t\t\t\t\t<h3><strong>&nbsp;&nbsp;&nbsp;&nbsp;&nbsp; Proiectul <i>ACADEMIA DE VOLUNTARI<\/i><\/strong><\/h3>\n<h3>* este implementat din anul 2018 de Asocia\u021bia Positive Life;<\/h3>\n<h3>* cofinan\u021bat de Prim\u0103ria Municipiului Sibiu prin <i>Agenda <\/i><i>Comunit\u0103\u021bii<\/i>&nbsp;<\/h3>\n<h3>* sprijinit financiar de Consiliul Jude\u021bean Sibiu prin <i>Agenda <\/i><i>Tineret<\/i>&nbsp;<\/h3>\n<h3>* finan\u021bat de Ministerul Tineretului \u0219i Sportului prin Direc\u021bia Jude\u021bean\u0103 pentru Sport \u0219i Tineret Sibiu&nbsp;<\/h3>\n<h3>&nbsp;<img decoding=\"async\" class=\"wp-image-370 aligncenter\" src=\"https:\/\/www.academiadevoluntari.ro\/wp-content\/uploads\/2021\/09\/WhatsApp-Image-2021-09-29-at-11.32.43-1024x683.jpeg\" alt=\"\" width=\"739\" height=\"493\" srcset=\"https:\/\/www.academiadevoluntari.ro\/wp-content\/uploads\/2021\/09\/WhatsApp-Image-2021-09-29-at-11.32.43-1024x683.jpeg 1024w, https:\/\/www.academiadevoluntari.ro\/wp-content\/uploads\/2021\/09\/WhatsApp-Image-2021-09-29-at-11.32.43-300x200.jpeg 300w, https:\/\/www.academiadevoluntari.ro\/wp-content\/uploads\/2021\/09\/WhatsApp-Image-2021-09-29-at-11.32.43-768x512.jpeg 768w, https:\/\/www.academiadevoluntari.ro\/wp-content\/uploads\/2021\/09\/WhatsApp-Image-2021-09-29-at-11.32.43-1536x1024.jpeg 1536w, https:\/\/www.academiadevoluntari.ro\/wp-content\/uploads\/2021\/09\/WhatsApp-Image-2021-09-29-at-11.32.43-370x247.jpeg 370w, https:\/\/www.academiadevoluntari.ro\/wp-content\/uploads\/2021\/09\/WhatsApp-Image-2021-09-29-at-11.32.43-1040x694.jpeg 1040w, https:\/\/www.academiadevoluntari.ro\/wp-content\/uploads\/2021\/09\/WhatsApp-Image-2021-09-29-at-11.32.43.jpeg 1600w\" sizes=\"(max-width: 739px) 100vw, 739px\" \/><\/h3>\t\t\t\t\t\t\t\t<\/div>\n\t\t\t\t<\/div>\n\t\t\t\t\t<\/div>\n\t\t<\/div>\n\t\t\t\t\t<\/div>\n\t\t<\/section>\n\t\t\t\t<section class=\"elementor-section elementor-top-section elementor-element elementor-element-cf70764 elementor-section-boxed elementor-section-height-default elementor-section-height-default\" data-id=\"cf70764\" data-element_type=\"section\">\n\t\t\t\t\t\t<div class=\"elementor-container elementor-column-gap-default\">\n\t\t\t\t\t<div class=\"elementor-column elementor-col-100 elementor-top-column elementor-element elementor-element-7bfbda8\" data-id=\"7bfbda8\" data-element_type=\"column\">\n\t\t\t<div class=\"elementor-widget-wrap elementor-element-populated\">\n\t\t\t\t\t\t<div class=\"elementor-element elementor-element-a31262e elementor-widget elementor-widget-text-editor\" data-id=\"a31262e\" data-element_type=\"widget\" data-widget_type=\"text-editor.default\">\n\t\t\t\t<div class=\"elementor-widget-container\">\n\t\t\t\t\t\t\t\t\t<h3>Vrei s\u0103 te implici \u00een proiectele din comunitate care fac lumea mai frumoas\u0103?<br \/>Vrei s\u0103 oferi \u0219i altora din timpul \u0219i entuziasmul t\u0103u?<br \/>\u00censcrie-te la <strong>STAGIUL DE FORMARE\u00a0<\/strong><\/h3><h3>preg\u0103tit pentru tine prin proiectul \u201eACADEMIA DE VOLUNTARI\u201d edi\u021bia a XI-a,<\/h3><h3>\u00een perioada 06 &#8211; 12 iulie 2026.<br \/>Vei avea parte de experien\u021be care vor \u00eembun\u0103t\u0103\u021bi cuno\u0219tin\u021bele tale, \u00ee\u021bi vei forma noi deprinderi<\/h3><h3>\u0219i vei dezvolta competen\u021be utile, pentru a fi un VOLUNTAR<\/h3><h3>gata s\u0103 se implice \u00een orice tip de proiect din comunitate!<\/h3>\t\t\t\t\t\t\t\t<\/div>\n\t\t\t\t<\/div>\n\t\t\t\t\t<\/div>\n\t\t<\/div>\n\t\t\t\t\t<\/div>\n\t\t<\/section>\n\t\t\t\t<section class=\"elementor-section elementor-top-section elementor-element elementor-element-2f04338 elementor-section-boxed elementor-section-height-default elementor-section-height-default\" data-id=\"2f04338\" data-element_type=\"section\">\n\t\t\t\t\t\t<div class=\"elementor-container elementor-column-gap-default\">\n\t\t\t\t\t<div class=\"elementor-column elementor-col-100 elementor-top-column elementor-element elementor-element-9d861be\" data-id=\"9d861be\" data-element_type=\"column\">\n\t\t\t<div class=\"elementor-widget-wrap elementor-element-populated\">\n\t\t\t\t\t\t<div class=\"elementor-element elementor-element-a9a4320 elementor-widget elementor-widget-image\" data-id=\"a9a4320\" data-element_type=\"widget\" data-widget_type=\"image.default\">\n\t\t\t\t<div class=\"elementor-widget-container\">\n\t\t\t\t\t\t\t\t\t\t\t\t\t\t\t\t<a href=\"https:\/\/docs.google.com\/forms\/d\/e\/1FAIpQLSfY7rakPVXtEf_EJ3uJCt04xXkT8e6O59HePFlAopG3Avf_xw\/viewform?fbclid=IwAR2Pm2syOfDhaNzUNpxFjG2q1CsuHxSeu3NDaWDe99vbfskvRUk_rj4AXME\" target=\"_blank\">\n\t\t\t\t\t\t\t<img decoding=\"async\" width=\"370\" height=\"439\" src=\"https:\/\/www.academiadevoluntari.ro\/wp-content\/uploads\/2023\/05\/36954521_1723980044384024_1486905806585593856_n-370x439.png\" class=\"attachment-oblique-entry-thumb size-oblique-entry-thumb wp-image-648\" alt=\"\" srcset=\"https:\/\/www.academiadevoluntari.ro\/wp-content\/uploads\/2023\/05\/36954521_1723980044384024_1486905806585593856_n-370x439.png 370w, https:\/\/www.academiadevoluntari.ro\/wp-content\/uploads\/2023\/05\/36954521_1723980044384024_1486905806585593856_n-253x300.png 253w, https:\/\/www.academiadevoluntari.ro\/wp-content\/uploads\/2023\/05\/36954521_1723980044384024_1486905806585593856_n.png 736w\" sizes=\"(max-width: 370px) 100vw, 370px\" \/>\t\t\t\t\t\t\t\t<\/a>\n\t\t\t\t\t\t\t\t\t\t\t\t\t\t\t<\/div>\n\t\t\t\t<\/div>\n\t\t\t\t\t<\/div>\n\t\t<\/div>\n\t\t\t\t\t<\/div>\n\t\t<\/section>\n\t\t\t\t<section class=\"elementor-section elementor-top-section elementor-element elementor-element-b35fe45 elementor-section-boxed elementor-section-height-default elementor-section-height-default\" data-id=\"b35fe45\" data-element_type=\"section\">\n\t\t\t\t\t\t<div class=\"elementor-container elementor-column-gap-default\">\n\t\t\t\t\t<div class=\"elementor-column elementor-col-100 elementor-top-column elementor-element elementor-element-aefd345\" data-id=\"aefd345\" data-element_type=\"column\">\n\t\t\t<div class=\"elementor-widget-wrap\">\n\t\t\t\t\t\t\t<\/div>\n\t\t<\/div>\n\t\t\t\t\t<\/div>\n\t\t<\/section>\n\t\t\t\t<section class=\"elementor-section elementor-top-section elementor-element elementor-element-0e16798 elementor-section-boxed elementor-section-height-default elementor-section-height-default\" data-id=\"0e16798\" data-element_type=\"section\">\n\t\t\t\t\t\t<div class=\"elementor-container elementor-column-gap-default\">\n\t\t\t\t\t<div class=\"elementor-column elementor-col-100 elementor-top-column elementor-element elementor-element-e92fe1a\" data-id=\"e92fe1a\" data-element_type=\"column\">\n\t\t\t<div class=\"elementor-widget-wrap elementor-element-populated\">\n\t\t\t\t\t\t<div class=\"elementor-element elementor-element-6baff7e elementor-align-center elementor-widget elementor-widget-button\" data-id=\"6baff7e\" data-element_type=\"widget\" data-widget_type=\"button.default\">\n\t\t\t\t<div class=\"elementor-widget-container\">\n\t\t\t\t\t\t\t\t\t<div class=\"elementor-button-wrapper\">\n\t\t\t\t\t<a class=\"elementor-button elementor-button-link elementor-size-sm\" href=\"https:\/\/docs.google.com\/forms\/d\/1cR2LLNTuWJLvRfORjA3zmtH_hjKGYZswN9vFmTwQGts\/viewform?edit_requested=true#responses\" target=\"_blank\">\n\t\t\t\t\t\t<span class=\"elementor-button-content-wrapper\">\n\t\t\t\t\t\t\t\t\t<span class=\"elementor-button-text\">Formular \u00eenscriere - stagiu de formare - IULIE 2026<\/span>\n\t\t\t\t\t<\/span>\n\t\t\t\t\t<\/a>\n\t\t\t\t<\/div>\n\t\t\t\t\t\t\t\t<\/div>\n\t\t\t\t<\/div>\n\t\t\t\t<div class=\"elementor-element elementor-element-230a928 elementor-widget elementor-widget-text-editor\" data-id=\"230a928\" data-element_type=\"widget\" data-widget_type=\"text-editor.default\">\n\t\t\t\t<div class=\"elementor-widget-container\">\n\t\t\t\t\t\t\t\t\t<h2 class=\"elementor-heading-title elementor-size-default elementor-inline-editing pen\" contenteditable=\"true\" data-elementor-setting-key=\"title\" data-pen-placeholder=\"Tasteaz\u0103 aici...\">Lista evenimentelor la care au acordat sprijinul voluntarii din cadrul\u00a0 &#8222;Academiei de Voluntari&#8221;\u00a0<\/h2>\t\t\t\t\t\t\t\t<\/div>\n\t\t\t\t<\/div>\n\t\t\t\t\t<\/div>\n\t\t<\/div>\n\t\t\t\t\t<\/div>\n\t\t<\/section>\n\t\t\t\t<section class=\"elementor-section elementor-top-section elementor-element elementor-element-b66f64b elementor-section-boxed elementor-section-height-default elementor-section-height-default\" data-id=\"b66f64b\" data-element_type=\"section\">\n\t\t\t\t\t\t<div class=\"elementor-container elementor-column-gap-default\">\n\t\t\t\t\t<div class=\"elementor-column elementor-col-100 elementor-top-column elementor-element elementor-element-d9297b6\" data-id=\"d9297b6\" data-element_type=\"column\">\n\t\t\t<div class=\"elementor-widget-wrap elementor-element-populated\">\n\t\t\t\t\t\t<div class=\"elementor-element elementor-element-944cb51 elementor-align-center elementor-widget elementor-widget-button\" data-id=\"944cb51\" data-element_type=\"widget\" data-widget_type=\"button.default\">\n\t\t\t\t<div class=\"elementor-widget-container\">\n\t\t\t\t\t\t\t\t\t<div class=\"elementor-button-wrapper\">\n\t\t\t\t\t<a class=\"elementor-button elementor-button-link elementor-size-sm\" href=\"https:\/\/www.academiadevoluntari.ro\/?page_id=490\" target=\"_blank\">\n\t\t\t\t\t\t<span class=\"elementor-button-content-wrapper\">\n\t\t\t\t\t\t\t\t\t<span class=\"elementor-button-text\">Lista evenimente<\/span>\n\t\t\t\t\t<\/span>\n\t\t\t\t\t<\/a>\n\t\t\t\t<\/div>\n\t\t\t\t\t\t\t\t<\/div>\n\t\t\t\t<\/div>\n\t\t\t\t\t<\/div>\n\t\t<\/div>\n\t\t\t\t\t<\/div>\n\t\t<\/section>\n\t\t\t\t<section class=\"elementor-section elementor-top-section elementor-element elementor-element-9ab4682 elementor-section-boxed elementor-section-height-default elementor-section-height-default\" data-id=\"9ab4682\" data-element_type=\"section\">\n\t\t\t\t\t\t<div class=\"elementor-container elementor-column-gap-default\">\n\t\t\t\t\t<div class=\"elementor-column elementor-col-25 elementor-top-column elementor-element elementor-element-27cf97a\" data-id=\"27cf97a\" data-element_type=\"column\">\n\t\t\t<div class=\"elementor-widget-wrap\">\n\t\t\t\t\t\t\t<\/div>\n\t\t<\/div>\n\t\t\t\t<div class=\"elementor-column elementor-col-50 elementor-top-column elementor-element elementor-element-708ddd8\" data-id=\"708ddd8\" data-element_type=\"column\">\n\t\t\t<div class=\"elementor-widget-wrap elementor-element-populated\">\n\t\t\t\t\t\t<div class=\"elementor-element elementor-element-4806f7c elementor-widget-divider--view-line elementor-widget elementor-widget-divider\" data-id=\"4806f7c\" data-element_type=\"widget\" data-widget_type=\"divider.default\">\n\t\t\t\t<div class=\"elementor-widget-container\">\n\t\t\t\t\t\t\t<div class=\"elementor-divider\">\n\t\t\t<span class=\"elementor-divider-separator\">\n\t\t\t\t\t\t<\/span>\n\t\t<\/div>\n\t\t\t\t\t\t<\/div>\n\t\t\t\t<\/div>\n\t\t\t\t\t<\/div>\n\t\t<\/div>\n\t\t\t\t<div class=\"elementor-column elementor-col-25 elementor-top-column elementor-element elementor-element-5608da3\" data-id=\"5608da3\" data-element_type=\"column\">\n\t\t\t<div class=\"elementor-widget-wrap\">\n\t\t\t\t\t\t\t<\/div>\n\t\t<\/div>\n\t\t\t\t\t<\/div>\n\t\t<\/section>\n\t\t\t\t<section class=\"elementor-section elementor-top-section elementor-element elementor-element-67d5312 elementor-section-boxed elementor-section-height-default elementor-section-height-default\" data-id=\"67d5312\" data-element_type=\"section\">\n\t\t\t\t\t\t<div class=\"elementor-container elementor-column-gap-default\">\n\t\t\t\t\t<div class=\"elementor-column elementor-col-25 elementor-top-column elementor-element elementor-element-4e9b9c0\" data-id=\"4e9b9c0\" data-element_type=\"column\">\n\t\t\t<div class=\"elementor-widget-wrap elementor-element-populated\">\n\t\t\t\t\t\t<div class=\"elementor-element elementor-element-ff175af elementor-widget elementor-widget-text-editor\" data-id=\"ff175af\" data-element_type=\"widget\" data-widget_type=\"text-editor.default\">\n\t\t\t\t<div class=\"elementor-widget-container\">\n\t\t\t\t\t\t\t\t\t<p><strong>AJUT\u0102 PROIECTUL<\/strong><\/p><p><strong> &#8222;ACADEMIA DE VOLUNTARI&#8221;<\/strong><\/p><p><strong> S\u0102 MEARG\u0102 MAI DEPARTE!<\/strong><\/p>\t\t\t\t\t\t\t\t<\/div>\n\t\t\t\t<\/div>\n\t\t\t\t\t<\/div>\n\t\t<\/div>\n\t\t\t\t<div class=\"elementor-column elementor-col-50 elementor-top-column elementor-element elementor-element-7815d04\" data-id=\"7815d04\" data-element_type=\"column\">\n\t\t\t<div class=\"elementor-widget-wrap elementor-element-populated\">\n\t\t\t\t\t\t<div class=\"elementor-element elementor-element-82a202c elementor-align-center elementor-widget elementor-widget-button\" data-id=\"82a202c\" data-element_type=\"widget\" data-widget_type=\"button.default\">\n\t\t\t\t<div class=\"elementor-widget-container\">\n\t\t\t\t\t\t\t\t\t<div class=\"elementor-button-wrapper\">\n\t\t\t\t\t<a class=\"elementor-button elementor-button-link elementor-size-sm\" href=\"https:\/\/formular230.ro\/asociatia-positive-life\" target=\"_blank\">\n\t\t\t\t\t\t<span class=\"elementor-button-content-wrapper\">\n\t\t\t\t\t\t\t\t\t<span class=\"elementor-button-text\">COMPLETEAZ\u0102 FORMULARUL 230<\/span>\n\t\t\t\t\t<\/span>\n\t\t\t\t\t<\/a>\n\t\t\t\t<\/div>\n\t\t\t\t\t\t\t\t<\/div>\n\t\t\t\t<\/div>\n\t\t\t\t\t<\/div>\n\t\t<\/div>\n\t\t\t\t<div class=\"elementor-column elementor-col-25 elementor-top-column elementor-element elementor-element-4eacc94\" data-id=\"4eacc94\" data-element_type=\"column\">\n\t\t\t<div class=\"elementor-widget-wrap elementor-element-populated\">\n\t\t\t\t\t\t<div class=\"elementor-element elementor-element-9810b30 elementor-widget elementor-widget-text-editor\" data-id=\"9810b30\" data-element_type=\"widget\" data-widget_type=\"text-editor.default\">\n\t\t\t\t<div class=\"elementor-widget-container\">\n\t\t\t\t\t\t\t\t\t<p><strong>MUL\u0162UMIM PENTRU IMPLICARE SI AJUTOR!<\/strong><\/p>\t\t\t\t\t\t\t\t<\/div>\n\t\t\t\t<\/div>\n\t\t\t\t\t<\/div>\n\t\t<\/div>\n\t\t\t\t\t<\/div>\n\t\t<\/section>\n\t\t\t\t<\/div>\n\t\t ","protected":false},"excerpt":{"rendered":"<p>&nbsp;&nbsp;&nbsp;&nbsp;&nbsp; Proiectul ACADEMIA DE VOLUNTARI * este implementat din anul 2018 de Asocia\u021bia Positive Life; * cofinan\u021bat de Prim\u0103ria Municipiului Sibiu prin Agenda Comunit\u0103\u021bii&nbsp; * sprijinit financiar de Consiliul Jude\u021bean Sibiu prin Agenda Tineret&nbsp; *[&#8230;]<\/p>\n","protected":false},"author":1,"featured_media":0,"parent":0,"menu_order":0,"comment_status":"closed","ping_status":"closed","template":"","meta":{"footnotes":""},"class_list":["post-8","page","type-page","status-publish","hentry"],"_links":{"self":[{"href":"https:\/\/www.academiadevoluntari.ro\/index.php?rest_route=\/wp\/v2\/pages\/8","targetHints":{"allow":["GET"]}}],"collection":[{"href":"https:\/\/www.academiadevoluntari.ro\/index.php?rest_route=\/wp\/v2\/pages"}],"about":[{"href":"https:\/\/www.academiadevoluntari.ro\/index.php?rest_route=\/wp\/v2\/types\/page"}],"author":[{"embeddable":true,"href":"https:\/\/www.academiadevoluntari.ro\/index.php?rest_route=\/wp\/v2\/users\/1"}],"replies":[{"embeddable":true,"href":"https:\/\/www.academiadevoluntari.ro\/index.php?rest_route=%2Fwp%2Fv2%2Fcomments&post=8"}],"version-history":[{"count":162,"href":"https:\/\/www.academiadevoluntari.ro\/index.php?rest_route=\/wp\/v2\/pages\/8\/revisions"}],"predecessor-version":[{"id":780,"href":"https:\/\/www.academiadevoluntari.ro\/index.php?rest_route=\/wp\/v2\/pages\/8\/revisions\/780"}],"wp:attachment":[{"href":"https:\/\/www.academiadevoluntari.ro\/index.php?rest_route=%2Fwp%2Fv2%2Fmedia&parent=8"}],"curies":[{"name":"wp","href":"https:\/\/api.w.org\/{rel}","templated":true}]}}